{"id":12056,"date":"2024-04-25T17:30:46","date_gmt":"2024-04-25T18:30:46","guid":{"rendered":"https:\/\/dev.monkeybeachclub.com\/transparency"},"modified":"2024-05-20T09:51:20","modified_gmt":"2024-05-20T10:51:20","slug":"transparency","status":"publish","type":"page","link":"https:\/\/www.monkeybeachclub.com\/en\/transparency","title":{"rendered":"Transparency"},"content":{"rendered":"\t\t<div data-elementor-type=\"wp-page\" data-elementor-id=\"12056\" class=\"elementor elementor-12056 elementor-5185\" data-elementor-post-type=\"page\">\n\t\t\t\t<div class=\"elementor-element elementor-element-bcc79e5 e-flex e-con-boxed e-con e-parent\" data-id=\"bcc79e5\" data-element_type=\"container\" data-e-type=\"container\" data-settings=\"{&quot;background_background&quot;:&quot;classic&quot;}\">\n\t\t\t\t\t<div class=\"e-con-inner\">\n\t\t<div class=\"elementor-element elementor-element-57bc939 e-con-full e-flex e-con e-child\" data-id=\"57bc939\" data-element_type=\"container\" data-e-type=\"container\" data-settings=\"{&quot;background_background&quot;:&quot;classic&quot;}\">\n\t\t<div class=\"elementor-element elementor-element-fea99c2 e-con-full e-flex e-con e-child\" data-id=\"fea99c2\" data-element_type=\"container\" data-e-type=\"container\">\n\t\t<div class=\"elementor-element elementor-element-b69ced5 e-con-full e-flex e-con e-child\" data-id=\"b69ced5\" data-element_type=\"container\" data-e-type=\"container\">\n\t\t\t\t<div class=\"elementor-element elementor-element-726b124 elementor-widget elementor-widget-heading\" data-id=\"726b124\" data-element_type=\"widget\" data-e-type=\"widget\" data-settings=\"{&quot;_animation_mobile&quot;:&quot;fadeInLeft&quot;}\" data-widget_type=\"heading.default\">\n\t\t\t\t<div class=\"elementor-widget-container\">\n\t\t\t\t\t<h2 class=\"elementor-heading-title elementor-size-default\">TRANSPA-RENCIA<\/h2>\t\t\t\t<\/div>\n\t\t\t\t<\/div>\n\t\t\t\t<\/div>\n\t\t<div class=\"elementor-element elementor-element-71ae473 e-con-full e-flex e-con e-child\" data-id=\"71ae473\" data-element_type=\"container\" data-e-type=\"container\">\n\t\t\t\t<div class=\"elementor-element elementor-element-b46d744 elementor-widget elementor-widget-text-editor\" data-id=\"b46d744\" data-element_type=\"widget\" data-e-type=\"widget\" data-settings=\"{&quot;_animation_mobile&quot;:&quot;bounceIn&quot;}\" data-widget_type=\"text-editor.default\">\n\t\t\t\t<div class=\"elementor-widget-container\">\n\t\t\t\t\t\t\t\t\t<p>INSTITUCIONAL<\/p>\n\t\t\t\t\t\t\t\t<\/div>\n\t\t\t\t<\/div>\n\t\t\t\t<div class=\"elementor-element elementor-element-9707432 elementor-icon-list--layout-traditional elementor-list-item-link-full_width elementor-widget elementor-widget-icon-list\" data-id=\"9707432\" data-element_type=\"widget\" data-e-type=\"widget\" data-widget_type=\"icon-list.default\">\n\t\t\t\t<div class=\"elementor-widget-container\">\n\t\t\t\t\t\t\t<ul class=\"elementor-icon-list-items\">\n\t\t\t\t\t\t\t<li class=\"elementor-icon-list-item\">\n\t\t\t\t\t\t\t\t\t\t\t<a href=\"https:\/\/www.monkeybeachclub.com\/wp-content\/uploads\/2024\/05\/intitucional.pdf\" target=\"_blank\">\n\n\t\t\t\t\t\t\t\t\t\t\t<span class=\"elementor-icon-list-text\">Institucional<\/span>\n\t\t\t\t\t\t\t\t\t\t\t<\/a>\n\t\t\t\t\t\t\t\t\t<\/li>\n\t\t\t\t\t\t<\/ul>\n\t\t\t\t\t\t<\/div>\n\t\t\t\t<\/div>\n\t\t\t\t<\/div>\n\t\t<div class=\"elementor-element elementor-element-5a36f44 e-con-full e-flex e-con e-child\" data-id=\"5a36f44\" data-element_type=\"container\" data-e-type=\"container\">\n\t\t\t\t<div class=\"elementor-element elementor-element-3fd298e elementor-widget elementor-widget-text-editor\" data-id=\"3fd298e\" data-element_type=\"widget\" data-e-type=\"widget\" data-settings=\"{&quot;_animation_mobile&quot;:&quot;bounceIn&quot;}\" data-widget_type=\"text-editor.default\">\n\t\t\t\t<div class=\"elementor-widget-container\">\n\t\t\t\t\t\t\t\t\tORGANIZATIVA\n\t\t\t\t\t\t\t\t<\/div>\n\t\t\t\t<\/div>\n\t\t\t\t<div class=\"elementor-element elementor-element-d1c21b6 elementor-icon-list--layout-traditional elementor-list-item-link-full_width elementor-widget elementor-widget-icon-list\" data-id=\"d1c21b6\" data-element_type=\"widget\" data-e-type=\"widget\" data-widget_type=\"icon-list.default\">\n\t\t\t\t<div class=\"elementor-widget-container\">\n\t\t\t\t\t\t\t<ul class=\"elementor-icon-list-items\">\n\t\t\t\t\t\t\t<li class=\"elementor-icon-list-item\">\n\t\t\t\t\t\t\t\t\t\t\t<a href=\"https:\/\/www.monkeybeachclub.com\/wp-content\/uploads\/2024\/05\/Normativa.pdf\" target=\"_blank\">\n\n\t\t\t\t\t\t\t\t\t\t\t<span class=\"elementor-icon-list-text\">Normativa aplicable a la entidad<\/span>\n\t\t\t\t\t\t\t\t\t\t\t<\/a>\n\t\t\t\t\t\t\t\t\t<\/li>\n\t\t\t\t\t\t\t\t<li class=\"elementor-icon-list-item\">\n\t\t\t\t\t\t\t\t\t\t\t<a href=\"https:\/\/www.monkeybeachclub.com\/wp-content\/uploads\/2024\/05\/funciones.pdf\" target=\"_blank\">\n\n\t\t\t\t\t\t\t\t\t\t\t<span class=\"elementor-icon-list-text\">Informaci\u00f3n relativa a las funciones y competencias, al objeto social o al fin fundacional de la entidad<\/span>\n\t\t\t\t\t\t\t\t\t\t\t<\/a>\n\t\t\t\t\t\t\t\t\t<\/li>\n\t\t\t\t\t\t\t\t<li class=\"elementor-icon-list-item\">\n\t\t\t\t\t\t\t\t\t\t\t<a href=\"https:\/\/www.monkeybeachclub.com\/wp-content\/uploads\/2024\/05\/organigrama.pdf\" target=\"_blank\">\n\n\t\t\t\t\t\t\t\t\t\t\t<span class=\"elementor-icon-list-text\">Organigrama<\/span>\n\t\t\t\t\t\t\t\t\t\t\t<\/a>\n\t\t\t\t\t\t\t\t\t<\/li>\n\t\t\t\t\t\t<\/ul>\n\t\t\t\t\t\t<\/div>\n\t\t\t\t<\/div>\n\t\t\t\t<\/div>\n\t\t<div class=\"elementor-element elementor-element-4fe695e e-con-full e-flex e-con e-child\" data-id=\"4fe695e\" data-element_type=\"container\" data-e-type=\"container\">\n\t\t\t\t<div class=\"elementor-element elementor-element-7201d88 elementor-widget elementor-widget-text-editor\" data-id=\"7201d88\" data-element_type=\"widget\" data-e-type=\"widget\" data-settings=\"{&quot;_animation_mobile&quot;:&quot;bounceIn&quot;}\" data-widget_type=\"text-editor.default\">\n\t\t\t\t<div class=\"elementor-widget-container\">\n\t\t\t\t\t\t\t\t\t<p>ECON\u00d3MICA FINANCIERA<\/p>\n\t\t\t\t\t\t\t\t<\/div>\n\t\t\t\t<\/div>\n\t\t\t\t<div class=\"elementor-element elementor-element-9eaac74 elementor-icon-list--layout-traditional elementor-list-item-link-full_width elementor-widget elementor-widget-icon-list\" data-id=\"9eaac74\" data-element_type=\"widget\" data-e-type=\"widget\" data-widget_type=\"icon-list.default\">\n\t\t\t\t<div class=\"elementor-widget-container\">\n\t\t\t\t\t\t\t<ul class=\"elementor-icon-list-items\">\n\t\t\t\t\t\t\t<li class=\"elementor-icon-list-item\">\n\t\t\t\t\t\t\t\t\t\t\t<a href=\"https:\/\/www.monkeybeachclub.com\/wp-content\/uploads\/2024\/05\/balance.pdf\" target=\"_blank\">\n\n\t\t\t\t\t\t\t\t\t\t\t<span class=\"elementor-icon-list-text\">Balance, cuenta p\u00e9rdidas y ganancias<\/span>\n\t\t\t\t\t\t\t\t\t\t\t<\/a>\n\t\t\t\t\t\t\t\t\t<\/li>\n\t\t\t\t\t\t\t\t<li class=\"elementor-icon-list-item\">\n\t\t\t\t\t\t\t\t\t\t<span class=\"elementor-icon-list-text\">Informes de auditor\u00eda de cuentas y de fiscalizaci\u00f3n<\/span>\n\t\t\t\t\t\t\t\t\t<\/li>\n\t\t\t\t\t\t<\/ul>\n\t\t\t\t\t\t<\/div>\n\t\t\t\t<\/div>\n\t\t\t\t<\/div>\n\t\t<div class=\"elementor-element elementor-element-a7b4aea e-con-full e-flex e-con e-child\" data-id=\"a7b4aea\" data-element_type=\"container\" data-e-type=\"container\">\n\t\t\t\t<div class=\"elementor-element elementor-element-bc59ffd elementor-widget elementor-widget-text-editor\" data-id=\"bc59ffd\" data-element_type=\"widget\" data-e-type=\"widget\" data-settings=\"{&quot;_animation_mobile&quot;:&quot;bounceIn&quot;}\" data-widget_type=\"text-editor.default\">\n\t\t\t\t<div class=\"elementor-widget-container\">\n\t\t\t\t\t\t\t\t\t<p>CONTRATOS<\/p>\n\t\t\t\t\t\t\t\t<\/div>\n\t\t\t\t<\/div>\n\t\t\t\t<div class=\"elementor-element elementor-element-1a9a5e0 elementor-icon-list--layout-traditional elementor-list-item-link-full_width elementor-widget elementor-widget-icon-list\" data-id=\"1a9a5e0\" data-element_type=\"widget\" data-e-type=\"widget\" data-widget_type=\"icon-list.default\">\n\t\t\t\t<div class=\"elementor-widget-container\">\n\t\t\t\t\t\t\t<ul class=\"elementor-icon-list-items\">\n\t\t\t\t\t\t\t<li class=\"elementor-icon-list-item\">\n\t\t\t\t\t\t\t\t\t\t<span class=\"elementor-icon-list-text\">No se ha suscrito ning\u00fan contrato con administraciones p\u00fablicas durante el 2021<\/span>\n\t\t\t\t\t\t\t\t\t<\/li>\n\t\t\t\t\t\t<\/ul>\n\t\t\t\t\t\t<\/div>\n\t\t\t\t<\/div>\n\t\t\t\t<\/div>\n\t\t<div class=\"elementor-element elementor-element-2b91270 e-con-full e-flex e-con e-child\" data-id=\"2b91270\" data-element_type=\"container\" data-e-type=\"container\">\n\t\t\t\t<div class=\"elementor-element elementor-element-f7072c1 elementor-widget elementor-widget-text-editor\" data-id=\"f7072c1\" data-element_type=\"widget\" data-e-type=\"widget\" data-settings=\"{&quot;_animation_mobile&quot;:&quot;bounceIn&quot;}\" data-widget_type=\"text-editor.default\">\n\t\t\t\t<div class=\"elementor-widget-container\">\n\t\t\t\t\t\t\t\t\tCONVENIOS Y ENCOMIENDAS\nDE GESTI\u00d3N\t\t\t\t\t\t\t\t<\/div>\n\t\t\t\t<\/div>\n\t\t\t\t<div class=\"elementor-element elementor-element-a9ca52e elementor-icon-list--layout-traditional elementor-list-item-link-full_width elementor-widget elementor-widget-icon-list\" data-id=\"a9ca52e\" data-element_type=\"widget\" data-e-type=\"widget\" data-widget_type=\"icon-list.default\">\n\t\t\t\t<div class=\"elementor-widget-container\">\n\t\t\t\t\t\t\t<ul class=\"elementor-icon-list-items\">\n\t\t\t\t\t\t\t<li class=\"elementor-icon-list-item\">\n\t\t\t\t\t\t\t\t\t\t<span class=\"elementor-icon-list-text\">No se ha suscrito ning\u00fan convenio con administraciones p\u00fablicas durante el 2021<\/span>\n\t\t\t\t\t\t\t\t\t<\/li>\n\t\t\t\t\t\t<\/ul>\n\t\t\t\t\t\t<\/div>\n\t\t\t\t<\/div>\n\t\t\t\t<\/div>\n\t\t<div class=\"elementor-element elementor-element-61cc9a4 e-con-full e-flex e-con e-child\" data-id=\"61cc9a4\" data-element_type=\"container\" data-e-type=\"container\">\n\t\t\t\t<div class=\"elementor-element elementor-element-d55ff32 elementor-widget elementor-widget-text-editor\" data-id=\"d55ff32\" data-element_type=\"widget\" data-e-type=\"widget\" data-settings=\"{&quot;_animation_mobile&quot;:&quot;bounceIn&quot;}\" data-widget_type=\"text-editor.default\">\n\t\t\t\t<div class=\"elementor-widget-container\">\n\t\t\t\t\t\t\t\t\tAYUDAS Y SUBVENCIONES\n\n\t\t\t\t\t\t\t\t<\/div>\n\t\t\t\t<\/div>\n\t\t\t\t<div class=\"elementor-element elementor-element-cf3bd69 elementor-icon-list--layout-traditional elementor-list-item-link-full_width elementor-widget elementor-widget-icon-list\" data-id=\"cf3bd69\" data-element_type=\"widget\" data-e-type=\"widget\" data-widget_type=\"icon-list.default\">\n\t\t\t\t<div class=\"elementor-widget-container\">\n\t\t\t\t\t\t\t<ul class=\"elementor-icon-list-items\">\n\t\t\t\t\t\t\t<li class=\"elementor-icon-list-item\">\n\t\t\t\t\t\t\t\t\t\t\t<a href=\"https:\/\/www.monkeybeachclub.com\/wp-content\/uploads\/2024\/05\/ayudas-y-subvenciones.pdf\" target=\"_blank\">\n\n\t\t\t\t\t\t\t\t\t\t\t<span class=\"elementor-icon-list-text\">Ayudas y subvenciones<\/span>\n\t\t\t\t\t\t\t\t\t\t\t<\/a>\n\t\t\t\t\t\t\t\t\t<\/li>\n\t\t\t\t\t\t<\/ul>\n\t\t\t\t\t\t<\/div>\n\t\t\t\t<\/div>\n\t\t\t\t<\/div>\n\t\t<div class=\"elementor-element elementor-element-5268c06 e-con-full e-flex e-con e-child\" data-id=\"5268c06\" data-element_type=\"container\" data-e-type=\"container\">\n\t\t\t\t<div class=\"elementor-element elementor-element-588e664 elementor-widget elementor-widget-text-editor\" data-id=\"588e664\" data-element_type=\"widget\" data-e-type=\"widget\" data-settings=\"{&quot;_animation_mobile&quot;:&quot;bounceIn&quot;}\" data-widget_type=\"text-editor.default\">\n\t\t\t\t<div class=\"elementor-widget-container\">\n\t\t\t\t\t\t\t\t\t<p>QUICK<\/p>\n\t\t\t\t\t\t\t\t<\/div>\n\t\t\t\t<\/div>\n\t\t\t\t<div class=\"elementor-element elementor-element-38be606 elementor-icon-list--layout-traditional elementor-list-item-link-full_width elementor-widget elementor-widget-icon-list\" data-id=\"38be606\" data-element_type=\"widget\" data-e-type=\"widget\" data-widget_type=\"icon-list.default\">\n\t\t\t\t<div class=\"elementor-widget-container\">\n\t\t\t\t\t\t\t<ul class=\"elementor-icon-list-items\">\n\t\t\t\t\t\t\t<li class=\"elementor-icon-list-item\">\n\t\t\t\t\t\t\t\t\t\t\t<a href=\"https:\/\/transparenciacanarias.org\/\" target=\"_blank\">\n\n\t\t\t\t\t\t\t\t\t\t\t<span class=\"elementor-icon-list-text\">Comisionado de Transparencia de Canarias<\/span>\n\t\t\t\t\t\t\t\t\t\t\t<\/a>\n\t\t\t\t\t\t\t\t\t<\/li>\n\t\t\t\t\t\t\t\t<li class=\"elementor-icon-list-item\">\n\t\t\t\t\t\t\t\t\t\t\t<a href=\"https:\/\/transparenciacanarias.org\/como-reclamar\/\" target=\"_blank\">\n\n\t\t\t\t\t\t\t\t\t\t\t<span class=\"elementor-icon-list-text\">Reclamaci\u00f3n ante el Comisionado de Transparencia de Canarias<\/span>\n\t\t\t\t\t\t\t\t\t\t\t<\/a>\n\t\t\t\t\t\t\t\t\t<\/li>\n\t\t\t\t\t\t\t\t<li class=\"elementor-icon-list-item\">\n\t\t\t\t\t\t\t\t\t\t\t<a href=\"https:\/\/www.boe.es\/buscar\/doc.php?id=BOE-A-2015-1114\" target=\"_blank\">\n\n\t\t\t\t\t\t\t\t\t\t\t<span class=\"elementor-icon-list-text\">Ley Canaria de Transparencia<\/span>\n\t\t\t\t\t\t\t\t\t\t\t<\/a>\n\t\t\t\t\t\t\t\t\t<\/li>\n\t\t\t\t\t\t<\/ul>\n\t\t\t\t\t\t<\/div>\n\t\t\t\t<\/div>\n\t\t\t\t<\/div>\n\t\t\t\t<\/div>\n\t\t\t\t<\/div>\n\t\t\t\t\t<\/div>\n\t\t\t\t<\/div>\n\t\t\t\t<\/div>\n\t\t","protected":false},"excerpt":{"rendered":"<p>TRANSPA-RENCIA INSTITUCIONAL Institucional ORGANIZATIVA Normativa aplicable a la entidad Informaci\u00f3n relativa a las funciones y competencias, al objeto social o al fin fundacional de la entidad Organigrama ECON\u00d3MICA FINANCIERA Balance, cuenta p\u00e9rdidas y ganancias Informes de auditor\u00eda de cuentas y de fiscalizaci\u00f3n CONTRATOS No se ha suscrito ning\u00fan contrato con administraciones p\u00fablicas durante el 2021 [&hellip;]<\/p>\n","protected":false},"author":1,"featured_media":0,"parent":0,"menu_order":0,"comment_status":"closed","ping_status":"closed","template":"","meta":{"_mo_disable_npp":"","footnotes":""},"class_list":["post-12056","page","type-page","status-publish","hentry"],"yoast_head":"<!-- This site is optimized with the Yoast SEO plugin v27.3 - https:\/\/yoast.com\/product\/yoast-seo-wordpress\/ -->\n<title>Transparency - Monkey Beach Club<\/title>\n<meta name=\"description\" content=\"Relevant organization information, visible and accessible to all stakeholders, fully updated.\" \/>\n<meta name=\"robots\" content=\"index, follow, max-snippet:-1, max-image-preview:large, max-video-preview:-1\" \/>\n<link rel=\"canonical\" href=\"https:\/\/www.monkeybeachclub.com\/en\/transparency\" \/>\n<meta property=\"og:locale\" content=\"en_US\" \/>\n<meta property=\"og:type\" content=\"article\" \/>\n<meta property=\"og:title\" content=\"Transparency - Monkey Beach Club\" \/>\n<meta property=\"og:description\" content=\"Relevant organization information, visible and accessible to all stakeholders, fully updated.\" \/>\n<meta property=\"og:url\" content=\"https:\/\/www.monkeybeachclub.com\/en\/transparency\" \/>\n<meta property=\"og:site_name\" content=\"Monkey Beach Club\" \/>\n<meta property=\"article:modified_time\" content=\"2024-05-20T10:51:20+00:00\" \/>\n<meta name=\"twitter:card\" content=\"summary_large_image\" \/>\n<meta name=\"twitter:label1\" content=\"Est. reading time\" \/>\n\t<meta name=\"twitter:data1\" content=\"1 minute\" \/>\n<script type=\"application\/ld+json\" class=\"yoast-schema-graph\">{\"@context\":\"https:\\\/\\\/schema.org\",\"@graph\":[{\"@type\":\"WebPage\",\"@id\":\"https:\\\/\\\/www.monkeybeachclub.com\\\/en\\\/transparency\",\"url\":\"https:\\\/\\\/www.monkeybeachclub.com\\\/en\\\/transparency\",\"name\":\"Transparency - Monkey Beach Club\",\"isPartOf\":{\"@id\":\"https:\\\/\\\/www.monkeybeachclub.com\\\/en#website\"},\"datePublished\":\"2024-04-25T18:30:46+00:00\",\"dateModified\":\"2024-05-20T10:51:20+00:00\",\"description\":\"Relevant organization information, visible and accessible to all stakeholders, fully updated.\",\"breadcrumb\":{\"@id\":\"https:\\\/\\\/www.monkeybeachclub.com\\\/en\\\/transparency#breadcrumb\"},\"inLanguage\":\"en-US\",\"potentialAction\":[{\"@type\":\"ReadAction\",\"target\":[\"https:\\\/\\\/www.monkeybeachclub.com\\\/en\\\/transparency\"]}]},{\"@type\":\"BreadcrumbList\",\"@id\":\"https:\\\/\\\/www.monkeybeachclub.com\\\/en\\\/transparency#breadcrumb\",\"itemListElement\":[{\"@type\":\"ListItem\",\"position\":1,\"name\":\"Portada\",\"item\":\"https:\\\/\\\/www.monkeybeachclub.com\\\/en\"},{\"@type\":\"ListItem\",\"position\":2,\"name\":\"Transparency\"}]},{\"@type\":\"WebSite\",\"@id\":\"https:\\\/\\\/www.monkeybeachclub.com\\\/en#website\",\"url\":\"https:\\\/\\\/www.monkeybeachclub.com\\\/en\",\"name\":\"Monkey\",\"description\":\"\",\"publisher\":{\"@id\":\"https:\\\/\\\/www.monkeybeachclub.com\\\/en#organization\"},\"potentialAction\":[{\"@type\":\"SearchAction\",\"target\":{\"@type\":\"EntryPoint\",\"urlTemplate\":\"https:\\\/\\\/www.monkeybeachclub.com\\\/en?s={search_term_string}\"},\"query-input\":{\"@type\":\"PropertyValueSpecification\",\"valueRequired\":true,\"valueName\":\"search_term_string\"}}],\"inLanguage\":\"en-US\"},{\"@type\":\"Organization\",\"@id\":\"https:\\\/\\\/www.monkeybeachclub.com\\\/en#organization\",\"name\":\"Monkey\",\"url\":\"https:\\\/\\\/www.monkeybeachclub.com\\\/en\",\"logo\":{\"@type\":\"ImageObject\",\"inLanguage\":\"en-US\",\"@id\":\"https:\\\/\\\/www.monkeybeachclub.com\\\/en#\\\/schema\\\/logo\\\/image\\\/\",\"url\":\"https:\\\/\\\/www.monkeybeachclub.com\\\/wp-content\\\/uploads\\\/2024\\\/04\\\/Logo-Beach.webp\",\"contentUrl\":\"https:\\\/\\\/www.monkeybeachclub.com\\\/wp-content\\\/uploads\\\/2024\\\/04\\\/Logo-Beach.webp\",\"width\":200,\"height\":133,\"caption\":\"Monkey\"},\"image\":{\"@id\":\"https:\\\/\\\/www.monkeybeachclub.com\\\/en#\\\/schema\\\/logo\\\/image\\\/\"}}]}<\/script>\n<!-- \/ Yoast SEO plugin. -->","yoast_head_json":{"title":"Transparency - Monkey Beach Club","description":"Relevant organization information, visible and accessible to all stakeholders, fully updated.","robots":{"index":"index","follow":"follow","max-snippet":"max-snippet:-1","max-image-preview":"max-image-preview:large","max-video-preview":"max-video-preview:-1"},"canonical":"https:\/\/www.monkeybeachclub.com\/en\/transparency","og_locale":"en_US","og_type":"article","og_title":"Transparency - Monkey Beach Club","og_description":"Relevant organization information, visible and accessible to all stakeholders, fully updated.","og_url":"https:\/\/www.monkeybeachclub.com\/en\/transparency","og_site_name":"Monkey Beach Club","article_modified_time":"2024-05-20T10:51:20+00:00","twitter_card":"summary_large_image","twitter_misc":{"Est. reading time":"1 minute"},"schema":{"@context":"https:\/\/schema.org","@graph":[{"@type":"WebPage","@id":"https:\/\/www.monkeybeachclub.com\/en\/transparency","url":"https:\/\/www.monkeybeachclub.com\/en\/transparency","name":"Transparency - Monkey Beach Club","isPartOf":{"@id":"https:\/\/www.monkeybeachclub.com\/en#website"},"datePublished":"2024-04-25T18:30:46+00:00","dateModified":"2024-05-20T10:51:20+00:00","description":"Relevant organization information, visible and accessible to all stakeholders, fully updated.","breadcrumb":{"@id":"https:\/\/www.monkeybeachclub.com\/en\/transparency#breadcrumb"},"inLanguage":"en-US","potentialAction":[{"@type":"ReadAction","target":["https:\/\/www.monkeybeachclub.com\/en\/transparency"]}]},{"@type":"BreadcrumbList","@id":"https:\/\/www.monkeybeachclub.com\/en\/transparency#breadcrumb","itemListElement":[{"@type":"ListItem","position":1,"name":"Portada","item":"https:\/\/www.monkeybeachclub.com\/en"},{"@type":"ListItem","position":2,"name":"Transparency"}]},{"@type":"WebSite","@id":"https:\/\/www.monkeybeachclub.com\/en#website","url":"https:\/\/www.monkeybeachclub.com\/en","name":"Monkey","description":"","publisher":{"@id":"https:\/\/www.monkeybeachclub.com\/en#organization"},"potentialAction":[{"@type":"SearchAction","target":{"@type":"EntryPoint","urlTemplate":"https:\/\/www.monkeybeachclub.com\/en?s={search_term_string}"},"query-input":{"@type":"PropertyValueSpecification","valueRequired":true,"valueName":"search_term_string"}}],"inLanguage":"en-US"},{"@type":"Organization","@id":"https:\/\/www.monkeybeachclub.com\/en#organization","name":"Monkey","url":"https:\/\/www.monkeybeachclub.com\/en","logo":{"@type":"ImageObject","inLanguage":"en-US","@id":"https:\/\/www.monkeybeachclub.com\/en#\/schema\/logo\/image\/","url":"https:\/\/www.monkeybeachclub.com\/wp-content\/uploads\/2024\/04\/Logo-Beach.webp","contentUrl":"https:\/\/www.monkeybeachclub.com\/wp-content\/uploads\/2024\/04\/Logo-Beach.webp","width":200,"height":133,"caption":"Monkey"},"image":{"@id":"https:\/\/www.monkeybeachclub.com\/en#\/schema\/logo\/image\/"}}]}},"_links":{"self":[{"href":"https:\/\/www.monkeybeachclub.com\/en\/wp-json\/wp\/v2\/pages\/12056","targetHints":{"allow":["GET"]}}],"collection":[{"href":"https:\/\/www.monkeybeachclub.com\/en\/wp-json\/wp\/v2\/pages"}],"about":[{"href":"https:\/\/www.monkeybeachclub.com\/en\/wp-json\/wp\/v2\/types\/page"}],"author":[{"embeddable":true,"href":"https:\/\/www.monkeybeachclub.com\/en\/wp-json\/wp\/v2\/users\/1"}],"replies":[{"embeddable":true,"href":"https:\/\/www.monkeybeachclub.com\/en\/wp-json\/wp\/v2\/comments?post=12056"}],"version-history":[{"count":3,"href":"https:\/\/www.monkeybeachclub.com\/en\/wp-json\/wp\/v2\/pages\/12056\/revisions"}],"predecessor-version":[{"id":12344,"href":"https:\/\/www.monkeybeachclub.com\/en\/wp-json\/wp\/v2\/pages\/12056\/revisions\/12344"}],"wp:attachment":[{"href":"https:\/\/www.monkeybeachclub.com\/en\/wp-json\/wp\/v2\/media?parent=12056"}],"curies":[{"name":"wp","href":"https:\/\/api.w.org\/{rel}","templated":true}]}}